{"id":996035,"date":"2024-09-27T10:27:18","date_gmt":"2024-09-27T10:27:18","guid":{"rendered":"https:\/\/gravityarts.webprintmedia.swiss\/?page_id=996035"},"modified":"2025-01-19T18:31:51","modified_gmt":"2025-01-19T18:31:51","slug":"kursplan","status":"publish","type":"page","link":"https:\/\/gravityarts.ch\/de\/kursplan\/","title":{"rendered":"Kursplan"},"content":{"rendered":"\t\t<div data-elementor-type=\"wp-page\" data-elementor-id=\"996035\" class=\"elementor elementor-996035 elementor-992109\" data-elementor-settings=\"{&quot;element_pack_global_tooltip_width&quot;:{&quot;unit&quot;:&quot;px&quot;,&quot;size&quot;:&quot;&quot;,&quot;sizes&quot;:[]},&quot;element_pack_global_tooltip_width_tablet&quot;:{&quot;unit&quot;:&quot;px&quot;,&quot;size&quot;:&quot;&quot;,&quot;sizes&quot;:[]},&quot;element_pack_global_tooltip_width_mobile&quot;:{&quot;unit&quot;:&quot;px&quot;,&quot;size&quot;:&quot;&quot;,&quot;sizes&quot;:[]},&quot;element_pack_global_tooltip_padding&quot;:{&quot;unit&quot;:&quot;px&quot;,&quot;top&quot;:&quot;&quot;,&quot;right&quot;:&quot;&quot;,&quot;bottom&quot;:&quot;&quot;,&quot;left&quot;:&quot;&quot;,&quot;isLinked&quot;:true},&quot;element_pack_global_tooltip_padding_tablet&quot;:{&quot;unit&quot;:&quot;px&quot;,&quot;top&quot;:&quot;&quot;,&quot;right&quot;:&quot;&quot;,&quot;bottom&quot;:&quot;&quot;,&quot;left&quot;:&quot;&quot;,&quot;isLinked&quot;:true},&quot;element_pack_global_tooltip_padding_mobile&quot;:{&quot;unit&quot;:&quot;px&quot;,&quot;top&quot;:&quot;&quot;,&quot;right&quot;:&quot;&quot;,&quot;bottom&quot;:&quot;&quot;,&quot;left&quot;:&quot;&quot;,&quot;isLinked&quot;:true},&quot;element_pack_global_tooltip_border_radius&quot;:{&quot;unit&quot;:&quot;px&quot;,&quot;top&quot;:&quot;&quot;,&quot;right&quot;:&quot;&quot;,&quot;bottom&quot;:&quot;&quot;,&quot;left&quot;:&quot;&quot;,&quot;isLinked&quot;:true},&quot;element_pack_global_tooltip_border_radius_tablet&quot;:{&quot;unit&quot;:&quot;px&quot;,&quot;top&quot;:&quot;&quot;,&quot;right&quot;:&quot;&quot;,&quot;bottom&quot;:&quot;&quot;,&quot;left&quot;:&quot;&quot;,&quot;isLinked&quot;:true},&quot;element_pack_global_tooltip_border_radius_mobile&quot;:{&quot;unit&quot;:&quot;px&quot;,&quot;top&quot;:&quot;&quot;,&quot;right&quot;:&quot;&quot;,&quot;bottom&quot;:&quot;&quot;,&quot;left&quot;:&quot;&quot;,&quot;isLinked&quot;:true}}\" data-elementor-post-type=\"page\">\n\t\t\t\t<div class=\"elementor-element elementor-element-425d580 e-con-full e-flex e-con e-parent\" data-id=\"425d580\" data-element_type=\"container\" data-e-type=\"container\" data-settings=\"{&quot;background_background&quot;:&quot;classic&quot;}\">\n\t\t<div class=\"elementor-element elementor-element-71b5ef0 e-con-full e-flex e-con e-child\" data-id=\"71b5ef0\" data-element_type=\"container\" data-e-type=\"container\">\n\t\t\t\t<div class=\"elementor-element elementor-element-19d7a73 elementor-invisible elementor-widget elementor-widget-html\" data-id=\"19d7a73\" data-element_type=\"widget\" data-e-type=\"widget\" data-settings=\"{&quot;_animation&quot;:&quot;fadeIn&quot;}\" data-widget_type=\"html.default\">\n\t\t\t\t<div class=\"elementor-widget-container\">\n\t\t\t\t\t<div id=\"studioyou-embed\"><\/div>\r\n                        <script>\r\n                            const date = Date.now();\r\n                            const xscript =  document.createElement(\"script\");\r\n                            xscript.setAttribute(\"src\",'https:\/\/gravityarts.onbookee.com\/embed\/index.js?t=${date}');\r\n                            const embedContainer = document.querySelector(\"body\");\r\n                            xscript.onload = function () {new StudioYouEmbed('gravityarts.onbookee.com');};\r\n                            embedContainer.appendChild(xscript);\r\n                        <\/script>\t\t\t\t<\/div>\n\t\t\t\t<\/div>\n\t\t\t\t<div class=\"elementor-element elementor-element-ea0a467 elementor-widget elementor-widget-spacer\" data-id=\"ea0a467\" data-element_type=\"widget\" data-e-type=\"widget\" data-widget_type=\"spacer.default\">\n\t\t\t\t<div class=\"elementor-widget-container\">\n\t\t\t\t\t\t\t<div class=\"elementor-spacer\">\n\t\t\t<div class=\"elementor-spacer-inner\"><\/div>\n\t\t<\/div>\n\t\t\t\t\t\t<\/div>\n\t\t\t\t<\/div>\n\t\t\t\t<\/div>\n\t\t\t\t<\/div>\n\t\t\t\t<\/div>\n\t\t","protected":false},"excerpt":{"rendered":"<p>Entdecken Sie unseren umfassenden Poledance Kursplan, der Ihnen die M\u00f6glichkeit bietet, Ihre F\u00e4higkeiten zu erweitern und neue Kenntnisse zu erwerben! Egal, ob Sie Ihre Karriere vorantreiben, ein neues Hobby beginnen oder einfach nur Ihr Wissen vertiefen m\u00f6chten \u2013 unser vielf\u00e4ltiges Angebot an Kursen ist genau das Richtige f\u00fcr Sie. Von kreativen Workshops \u00fcber technische Schulungen bis hin zu pers\u00f6nlichen Entwicklungsprogrammen \u2013 wir haben f\u00fcr jeden etwas dabei. Lassen Sie sich inspirieren und finden Sie den perfekten Kurs, der zu Ihren Interessen und Zielen passt. Tauchen Sie ein in eine Welt des Lernens und der Entfaltung!<\/p>\n","protected":false},"author":1,"featured_media":997508,"parent":0,"menu_order":0,"comment_status":"closed","ping_status":"closed","template":"","meta":{"footnotes":""},"class_list":["post-996035","page","type-page","status-publish","has-post-thumbnail","hentry"],"yoast_head":"<!-- This site is optimized with the Yoast SEO Premium plugin v27.0 (Yoast SEO v27.4) - https:\/\/yoast.com\/product\/yoast-seo-premium-wordpress\/ -->\n<title>Poledance Kursplan unserer Studio-Standorte<\/title>\n<meta name=\"description\" content=\"Entdecke unseren umfassenden Poledance Kursplan unserer Studio-Standorte und finde die perfekten Kurse, um Ziele zu erreichen.\" \/>\n<meta name=\"robots\" content=\"index, follow, max-snippet:-1, max-image-preview:large, max-video-preview:-1\" \/>\n<link rel=\"canonical\" href=\"https:\/\/gravityarts.ch\/de\/kursplan\/\" \/>\n<meta property=\"og:locale\" content=\"de_DE\" \/>\n<meta property=\"og:type\" content=\"article\" \/>\n<meta property=\"og:title\" content=\"Kursplan\" \/>\n<meta property=\"og:description\" content=\"Kursplan\" \/>\n<meta property=\"og:url\" content=\"https:\/\/gravityarts.ch\/de\/kursplan\/\" \/>\n<meta property=\"og:site_name\" content=\"Gravity Arts | Pole Dance Studio\" \/>\n<meta property=\"article:publisher\" content=\"https:\/\/www.facebook.com\/GravityArtsDC\/\" \/>\n<meta property=\"article:modified_time\" content=\"2025-01-19T18:31:51+00:00\" \/>\n<meta property=\"og:image\" content=\"https:\/\/gravityarts.ch\/wp-content\/uploads\/2024\/11\/Gravity-Arts-Pricing-Guide.webp\" \/>\n\t<meta property=\"og:image:width\" content=\"1300\" \/>\n\t<meta property=\"og:image:height\" content=\"613\" \/>\n\t<meta property=\"og:image:type\" content=\"image\/jpeg\" \/>\n<meta name=\"twitter:card\" content=\"summary_large_image\" \/>\n<meta name=\"twitter:label1\" content=\"Gesch\u00e4tzte Lesezeit\" \/>\n\t<meta name=\"twitter:data1\" content=\"1\u00a0Minute\" \/>\n<script type=\"application\/ld+json\" class=\"yoast-schema-graph\">{\"@context\":\"https:\\\/\\\/schema.org\",\"@graph\":[{\"@type\":\"WebPage\",\"@id\":\"https:\\\/\\\/gravityarts.ch\\\/de\\\/kursplan\\\/\",\"url\":\"https:\\\/\\\/gravityarts.ch\\\/de\\\/kursplan\\\/\",\"name\":\"Poledance Kursplan unserer Studio-Standorte\",\"isPartOf\":{\"@id\":\"https:\\\/\\\/gravityarts.ch\\\/#website\"},\"primaryImageOfPage\":{\"@id\":\"https:\\\/\\\/gravityarts.ch\\\/de\\\/kursplan\\\/#primaryimage\"},\"image\":{\"@id\":\"https:\\\/\\\/gravityarts.ch\\\/de\\\/kursplan\\\/#primaryimage\"},\"thumbnailUrl\":\"https:\\\/\\\/gravityarts.ch\\\/wp-content\\\/uploads\\\/2024\\\/11\\\/Gravity-Arts-Pricing-Guide.webp\",\"datePublished\":\"2024-09-27T10:27:18+00:00\",\"dateModified\":\"2025-01-19T18:31:51+00:00\",\"description\":\"Entdecke unseren umfassenden Poledance Kursplan unserer Studio-Standorte und finde die perfekten Kurse, um Ziele zu erreichen.\",\"breadcrumb\":{\"@id\":\"https:\\\/\\\/gravityarts.ch\\\/de\\\/kursplan\\\/#breadcrumb\"},\"inLanguage\":\"de\",\"potentialAction\":[{\"@type\":\"ReadAction\",\"target\":[\"https:\\\/\\\/gravityarts.ch\\\/de\\\/kursplan\\\/\"]}]},{\"@type\":\"ImageObject\",\"inLanguage\":\"de\",\"@id\":\"https:\\\/\\\/gravityarts.ch\\\/de\\\/kursplan\\\/#primaryimage\",\"url\":\"https:\\\/\\\/gravityarts.ch\\\/wp-content\\\/uploads\\\/2024\\\/11\\\/Gravity-Arts-Pricing-Guide.webp\",\"contentUrl\":\"https:\\\/\\\/gravityarts.ch\\\/wp-content\\\/uploads\\\/2024\\\/11\\\/Gravity-Arts-Pricing-Guide.webp\",\"width\":1300,\"height\":613,\"caption\":\"Poledance Kursplan, Gravity Arts Preisliste\"},{\"@type\":\"BreadcrumbList\",\"@id\":\"https:\\\/\\\/gravityarts.ch\\\/de\\\/kursplan\\\/#breadcrumb\",\"itemListElement\":[{\"@type\":\"ListItem\",\"position\":1,\"name\":\"Home\",\"item\":\"https:\\\/\\\/gravityarts.ch\\\/de\\\/\"},{\"@type\":\"ListItem\",\"position\":2,\"name\":\"Kursplan\"}]},{\"@type\":\"WebSite\",\"@id\":\"https:\\\/\\\/gravityarts.ch\\\/#website\",\"url\":\"https:\\\/\\\/gravityarts.ch\\\/\",\"name\":\"Gravity Arts | Pole Dance Studio\",\"description\":\"Pole Dance Studio in Lucerne, Winterthur &amp; Zurich\",\"publisher\":{\"@id\":\"https:\\\/\\\/gravityarts.ch\\\/#organization\"},\"potentialAction\":[{\"@type\":\"SearchAction\",\"target\":{\"@type\":\"EntryPoint\",\"urlTemplate\":\"https:\\\/\\\/gravityarts.ch\\\/?s={search_term_string}\"},\"query-input\":{\"@type\":\"PropertyValueSpecification\",\"valueRequired\":true,\"valueName\":\"search_term_string\"}}],\"inLanguage\":\"de\"},{\"@type\":\"Organization\",\"@id\":\"https:\\\/\\\/gravityarts.ch\\\/#organization\",\"name\":\"Gravity Arts | Pole Dance Studio in Lucerne, Winterthur & Zurich\",\"alternateName\":\"Gravity Arts\",\"url\":\"https:\\\/\\\/gravityarts.ch\\\/\",\"logo\":{\"@type\":\"ImageObject\",\"inLanguage\":\"de\",\"@id\":\"https:\\\/\\\/gravityarts.ch\\\/#\\\/schema\\\/logo\\\/image\\\/\",\"url\":\"https:\\\/\\\/gravityarts.ch\\\/wp-content\\\/uploads\\\/2024\\\/07\\\/cropped-gravity-arts-zurich-logo.webp\",\"contentUrl\":\"https:\\\/\\\/gravityarts.ch\\\/wp-content\\\/uploads\\\/2024\\\/07\\\/cropped-gravity-arts-zurich-logo.webp\",\"width\":999,\"height\":637,\"caption\":\"Gravity Arts | Pole Dance Studio in Lucerne, Winterthur & Zurich\"},\"image\":{\"@id\":\"https:\\\/\\\/gravityarts.ch\\\/#\\\/schema\\\/logo\\\/image\\\/\"},\"sameAs\":[\"https:\\\/\\\/www.facebook.com\\\/GravityArtsDC\\\/\",\"https:\\\/\\\/www.instagram.com\\\/gravityarts.ch\\\/\",\"https:\\\/\\\/www.tiktok.com\\\/@gravityarts.ch\",\"https:\\\/\\\/www.youtube.com\\\/gravityartszurich\"],\"email\":\"info@gravityarts.ch\",\"legalName\":\"Gravity Arts GmbH\",\"foundingDate\":\"2013-11-13\",\"numberOfEmployees\":{\"@type\":\"QuantitativeValue\",\"minValue\":\"11\",\"maxValue\":\"50\"}}]}<\/script>\n<!-- \/ Yoast SEO Premium plugin. -->","yoast_head_json":{"title":"Poledance Kursplan unserer Studio-Standorte","description":"Entdecke unseren umfassenden Poledance Kursplan unserer Studio-Standorte und finde die perfekten Kurse, um Ziele zu erreichen.","robots":{"index":"index","follow":"follow","max-snippet":"max-snippet:-1","max-image-preview":"max-image-preview:large","max-video-preview":"max-video-preview:-1"},"canonical":"https:\/\/gravityarts.ch\/de\/kursplan\/","og_locale":"de_DE","og_type":"article","og_title":"Kursplan","og_description":"Kursplan","og_url":"https:\/\/gravityarts.ch\/de\/kursplan\/","og_site_name":"Gravity Arts | Pole Dance Studio","article_publisher":"https:\/\/www.facebook.com\/GravityArtsDC\/","article_modified_time":"2025-01-19T18:31:51+00:00","og_image":[{"width":1300,"height":613,"url":"https:\/\/gravityarts.ch\/wp-content\/uploads\/2024\/11\/Gravity-Arts-Pricing-Guide.webp","type":"image\/jpeg"}],"twitter_card":"summary_large_image","twitter_misc":{"Gesch\u00e4tzte Lesezeit":"1\u00a0Minute"},"schema":{"@context":"https:\/\/schema.org","@graph":[{"@type":"WebPage","@id":"https:\/\/gravityarts.ch\/de\/kursplan\/","url":"https:\/\/gravityarts.ch\/de\/kursplan\/","name":"Poledance Kursplan unserer Studio-Standorte","isPartOf":{"@id":"https:\/\/gravityarts.ch\/#website"},"primaryImageOfPage":{"@id":"https:\/\/gravityarts.ch\/de\/kursplan\/#primaryimage"},"image":{"@id":"https:\/\/gravityarts.ch\/de\/kursplan\/#primaryimage"},"thumbnailUrl":"https:\/\/gravityarts.ch\/wp-content\/uploads\/2024\/11\/Gravity-Arts-Pricing-Guide.webp","datePublished":"2024-09-27T10:27:18+00:00","dateModified":"2025-01-19T18:31:51+00:00","description":"Entdecke unseren umfassenden Poledance Kursplan unserer Studio-Standorte und finde die perfekten Kurse, um Ziele zu erreichen.","breadcrumb":{"@id":"https:\/\/gravityarts.ch\/de\/kursplan\/#breadcrumb"},"inLanguage":"de","potentialAction":[{"@type":"ReadAction","target":["https:\/\/gravityarts.ch\/de\/kursplan\/"]}]},{"@type":"ImageObject","inLanguage":"de","@id":"https:\/\/gravityarts.ch\/de\/kursplan\/#primaryimage","url":"https:\/\/gravityarts.ch\/wp-content\/uploads\/2024\/11\/Gravity-Arts-Pricing-Guide.webp","contentUrl":"https:\/\/gravityarts.ch\/wp-content\/uploads\/2024\/11\/Gravity-Arts-Pricing-Guide.webp","width":1300,"height":613,"caption":"Poledance Kursplan, Gravity Arts Preisliste"},{"@type":"BreadcrumbList","@id":"https:\/\/gravityarts.ch\/de\/kursplan\/#breadcrumb","itemListElement":[{"@type":"ListItem","position":1,"name":"Home","item":"https:\/\/gravityarts.ch\/de\/"},{"@type":"ListItem","position":2,"name":"Kursplan"}]},{"@type":"WebSite","@id":"https:\/\/gravityarts.ch\/#website","url":"https:\/\/gravityarts.ch\/","name":"Gravity Arts | Pole Dance Studio","description":"Pole Dance Studio in Lucerne, Winterthur &amp; Zurich","publisher":{"@id":"https:\/\/gravityarts.ch\/#organization"},"potentialAction":[{"@type":"SearchAction","target":{"@type":"EntryPoint","urlTemplate":"https:\/\/gravityarts.ch\/?s={search_term_string}"},"query-input":{"@type":"PropertyValueSpecification","valueRequired":true,"valueName":"search_term_string"}}],"inLanguage":"de"},{"@type":"Organization","@id":"https:\/\/gravityarts.ch\/#organization","name":"Gravity Arts | Pole Dance Studio in Lucerne, Winterthur & Zurich","alternateName":"Gravity Arts","url":"https:\/\/gravityarts.ch\/","logo":{"@type":"ImageObject","inLanguage":"de","@id":"https:\/\/gravityarts.ch\/#\/schema\/logo\/image\/","url":"https:\/\/gravityarts.ch\/wp-content\/uploads\/2024\/07\/cropped-gravity-arts-zurich-logo.webp","contentUrl":"https:\/\/gravityarts.ch\/wp-content\/uploads\/2024\/07\/cropped-gravity-arts-zurich-logo.webp","width":999,"height":637,"caption":"Gravity Arts | Pole Dance Studio in Lucerne, Winterthur & Zurich"},"image":{"@id":"https:\/\/gravityarts.ch\/#\/schema\/logo\/image\/"},"sameAs":["https:\/\/www.facebook.com\/GravityArtsDC\/","https:\/\/www.instagram.com\/gravityarts.ch\/","https:\/\/www.tiktok.com\/@gravityarts.ch","https:\/\/www.youtube.com\/gravityartszurich"],"email":"info@gravityarts.ch","legalName":"Gravity Arts GmbH","foundingDate":"2013-11-13","numberOfEmployees":{"@type":"QuantitativeValue","minValue":"11","maxValue":"50"}}]}},"_links":{"self":[{"href":"https:\/\/gravityarts.ch\/de\/wp-json\/wp\/v2\/pages\/996035","targetHints":{"allow":["GET"]}}],"collection":[{"href":"https:\/\/gravityarts.ch\/de\/wp-json\/wp\/v2\/pages"}],"about":[{"href":"https:\/\/gravityarts.ch\/de\/wp-json\/wp\/v2\/types\/page"}],"author":[{"embeddable":true,"href":"https:\/\/gravityarts.ch\/de\/wp-json\/wp\/v2\/users\/1"}],"replies":[{"embeddable":true,"href":"https:\/\/gravityarts.ch\/de\/wp-json\/wp\/v2\/comments?post=996035"}],"version-history":[{"count":0,"href":"https:\/\/gravityarts.ch\/de\/wp-json\/wp\/v2\/pages\/996035\/revisions"}],"wp:featuredmedia":[{"embeddable":true,"href":"https:\/\/gravityarts.ch\/de\/wp-json\/wp\/v2\/media\/997508"}],"wp:attachment":[{"href":"https:\/\/gravityarts.ch\/de\/wp-json\/wp\/v2\/media?parent=996035"}],"curies":[{"name":"wp","href":"https:\/\/api.w.org\/{rel}","templated":true}]}}